{"id":3341,"date":"2026-03-30T23:24:14","date_gmt":"2026-03-30T21:24:14","guid":{"rendered":"https:\/\/lvby.de\/?page_id=3341"},"modified":"2026-04-03T21:51:30","modified_gmt":"2026-04-03T19:51:30","slug":"barrierefreiheit","status":"publish","type":"page","link":"https:\/\/lvby.de\/?page_id=3341","title":{"rendered":"Barrierefreiheit"},"content":{"rendered":"\t\t<div data-elementor-type=\"wp-page\" data-elementor-id=\"3341\" class=\"elementor elementor-3341\" data-elementor-post-type=\"page\">\n\t\t\t\t<div class=\"elementor-element elementor-element-311bb39 e-flex e-con-boxed e-con e-parent\" data-id=\"311bb39\" data-element_type=\"container\" data-e-type=\"container\">\n\t\t\t\t\t<div class=\"e-con-inner\">\n\t\t\t\t<div class=\"elementor-element elementor-element-321c1b1 elementor-widget elementor-widget-spacer\" data-id=\"321c1b1\" data-element_type=\"widget\" data-e-type=\"widget\" data-widget_type=\"spacer.default\">\n\t\t\t\t\t\t\t<div class=\"elementor-spacer\">\n\t\t\t<div class=\"elementor-spacer-inner\"><\/div>\n\t\t<\/div>\n\t\t\t\t\t\t<\/div>\n\t\t\t\t<div class=\"elementor-element elementor-element-fa2a60e elementor-widget elementor-widget-heading\" data-id=\"fa2a60e\" data-element_type=\"widget\" data-e-type=\"widget\" data-widget_type=\"heading.default\">\n\t\t\t\t\t<h2 class=\"elementor-heading-title elementor-size-default\">Erkl\u00e4rung zur Barrierefreiheit<\/h2>\t\t\t\t<\/div>\n\t\t\t\t<div class=\"elementor-element elementor-element-825e6a0 elementor-widget elementor-widget-spacer\" data-id=\"825e6a0\" data-element_type=\"widget\" data-e-type=\"widget\" data-widget_type=\"spacer.default\">\n\t\t\t\t\t\t\t<div class=\"elementor-spacer\">\n\t\t\t<div class=\"elementor-spacer-inner\"><\/div>\n\t\t<\/div>\n\t\t\t\t\t\t<\/div>\n\t\t\t\t<div class=\"elementor-element elementor-element-0293cfb elementor-widget elementor-widget-text-editor\" data-id=\"0293cfb\" data-element_type=\"widget\" data-e-type=\"widget\" data-widget_type=\"text-editor.default\">\n\t\t\t\t\t\t\t\t\t<p><span data-olk-copy-source=\"MessageBody\">Der Landesverband Bayern der Geh\u00f6rlosen e. V. ist bem\u00fcht, seine Internetseite\u00a0<a href=\"http:\/\/www.lvby.de\">www.lvby.de<\/a>\u00a0im Einklang mit der Bayerischen Digitalverordnung (BayDiV) sowie der Barrierefreien-Informationstechnik-Verordnung (BITV 2.0) barrierefrei zug\u00e4nglich zu gestalten. Diese Bem\u00fchungen sind Ausdruck unseres Selbstverst\u00e4ndnisses als zentrale Interessenvertretung geh\u00f6rloser, schwerh\u00f6riger und taubblinder Menschen im Freistaat Bayern. Wir verfolgen das Ziel, Barrieren in der digitalen Kommunikation nicht nur zu benennen, sondern aktiv abzubauen.<\/span><\/p><p>Diese Erkl\u00e4rung zur Barrierefreiheit gilt f\u00fcr den Internetauftritt unter\u00a0<a title=\"http:\/\/www.lvby.de\" href=\"http:\/\/www.lvby.de\/\" data-auth=\"NotApplicable\" data-linkindex=\"1\">www.lvby.de<\/a>\u00a0sowie f\u00fcr die damit verbundenen Subdomains und mobilen Anwendungen.<\/p><p>\u00a0<\/p><p><b>Stand der Vereinbarkeit mit den Anforderungen<\/b><\/p><p>Diese Website ist wegen der folgenden Unvereinbarkeiten und Ausnahmen teilweise mit der Bayerischen Digitalverordnung (BayDiV) in Verbindung mit der BITV 2.0 vereinbar. Der Grad der Barrierefreiheit orientiert sich an den Kriterien der Konformit\u00e4tsstufe AA der Web Content Accessibility Guidelines (WCAG) 2.1 sowie dem europ\u00e4ischen Standard EN 301 549.<\/p><p>\u00a0<\/p><p><b>Nicht barrierefreie Inhalte<\/b><\/p><p>Trotz kontinuierlicher Bem\u00fchungen konnten zum aktuellen Zeitpunkt noch nicht alle Barrieren vollst\u00e4ndig beseitigt werden. Die nachfolgend aufgef\u00fchrten Inhalte weisen derzeit Einschr\u00e4nkungen auf:<\/p><ol start=\"1\" type=\"1\"><li class=\"x_MsoListParagraph\"><b>Textalternativen f\u00fcr grafische Inhalte:<\/b>\u00a0Ein Teil der auf der Webseite verwendeten Bilder und Grafiken verf\u00fcgt noch nicht \u00fcber hinterlegte Alternativtexte, die den Bildinhalt f\u00fcr Screenreader-Nutzer \u00e4quivalent beschreiben. Dies betrifft insbesondere \u00e4ltere Archivbeitr\u00e4ge und komplexe Infografiken.<\/li><\/ol><ol start=\"2\" type=\"1\"><li class=\"x_MsoListParagraph\"><b>Strukturelle Beschriftung von Formularen:<\/b>\u00a0Bei einigen interaktiven Elementen, wie etwa dem Kontaktformular oder Suchmasken, fehlen teilweise die programmatisch verkn\u00fcpften Beschriftungen (Labels). Dies erschwert die Navigation und Eingabe f\u00fcr Nutzer von assistiven Technologien.<\/li><\/ol><ol start=\"3\" type=\"1\"><li class=\"x_MsoListParagraph\"><b>Visuelle Kontrastverh\u00e4ltnisse:<\/b>\u00a0In einzelnen Gestaltungsbereichen der Webseite entsprechen die Kontrastverh\u00e4ltnisse zwischen Vorder- und Hintergrundfarbe noch nicht den geforderten Mindestwerten von 4,5:1 f\u00fcr Textinhalte.<\/li><\/ol><ol start=\"4\" type=\"1\"><li class=\"x_MsoListParagraph\"><b>Erl\u00e4uterungen in Geb\u00e4rdensprache und Leichter Sprache:<\/b>\u00a0Die gem\u00e4\u00df \u00a7 4 BITV 2.0 und \u00a7 9 Abs. 2 BayDiV erforderlichen Erl\u00e4uterungen zu den wesentlichen Inhalten, zur Navigation und zur Erkl\u00e4rung zur Barrierefreiheit sind derzeit noch nicht f\u00fcr alle Bereiche vollst\u00e4ndig in Deutscher Geb\u00e4rdensprache (DGS) und Leichter Sprache auf der Startseite verf\u00fcgbar. Wir befinden uns im Prozess der Videoproduktion, um diese Pflichtinhalte sukzessive zu erg\u00e4nzen.<\/li><\/ol><ol start=\"5\" type=\"1\"><li class=\"x_MsoListParagraph\"><b>Barrierefreie Dokumente:<\/b>\u00a0Ein Gro\u00dfteil der zum Download angebotenen PDF-Dokumente ist derzeit nicht in einem vollst\u00e4ndig barrierefreien Format abrufbar. Aufgrund der Menge der zu aktualisierenden Dateien verweisen wir auf die Ausnahme der unverh\u00e4ltnism\u00e4\u00dfigen Belastung im Sinne von \u00a7 9 Abs. 4 BayDiV.<\/li><\/ol><p>\u00a0<\/p><p><b>Erstellung dieser Erkl\u00e4rung zur Barrierefreiheit<\/b><\/p><p>Diese Erkl\u00e4rung wurde erstmals am 06.01.2020 erstellt und zuletzt am 01.04.2026 \u00fcberpr\u00fcft und aktualisiert. Die Bewertung der Barrierefreiheit basiert auf einer im Zeitraum vom 15.03.2026 bis 31.03.2026 durchgef\u00fchrten internen Selbstbewertung. Die Erkl\u00e4rung wird regelm\u00e4\u00dfig, mindestens jedoch einmal j\u00e4hrlich, aktualisiert.<\/p><p>\u00a0<\/p><p><b>Feedback und Kontaktangaben<\/b><\/p><p>Sollten Ihnen M\u00e4ngel bei der barrierefreien Nutzung unserer Website auffallen oder ben\u00f6tigen Sie Informationen in einem barrierefreien Format, k\u00f6nnen Sie uns dies jederzeit mitteilen. Ihr Feedback hilft uns, unser Angebot stetig zu verbessern.<\/p><p>Zust\u00e4ndig f\u00fcr die barrierefreie Zug\u00e4nglichkeit und die Bearbeitung von R\u00fcckmeldungen im Rahmen des Feedback-Mechanismus ist:<\/p><p>Landesverband Bayern der Geh\u00f6rlosen e. V.<br \/>Vorsitzender: Marcus Willam<br \/>Schwanthalerstr. 76 \/ Rgb.<br \/>80336 M\u00fcnchen<br \/>E-Mail:\u00a0<a title=\"mailto:info@lvby.de\" href=\"mailto:info@lvby.de\" data-linkindex=\"2\">info@lvby.de<\/a><\/p><p>\u00a0<\/p><p><b>Durchsetzungsverfahren<\/b><\/p><p>Wenn Sie uns Barrieren gemeldet haben und innerhalb von sechs Wochen keine zufriedenstellende Antwort erhalten, haben Sie das Recht, bei der zust\u00e4ndigen Durchsetzungsstelle einen Antrag auf Pr\u00fcfung der Einhaltung der Anforderungen an die Barrierefreiheit zu stellen.<\/p><p>Zust\u00e4ndige Durchsetzungsstelle in Bayern:<\/p><p>Landesamt f\u00fcr Digitalisierung, Breitband und Vermessung<br \/>IT-Dienstleistungszentrum des Freistaats Bayern<br \/>Durchsetzungs- und \u00dcberwachungsstelle f\u00fcr barrierefreie Informationstechnik<br \/>St.-Martin-Stra\u00dfe 47<br \/>81541 M\u00fcnchen<br \/>E-Mail:\u00a0<a title=\"mailto:bitv@bayern.de\" href=\"mailto:bitv@bayern.de\" data-linkindex=\"3\">bitv@bayern.de<\/a><br \/>Internet:\u00a0<a title=\"http:\/\/www.ldbv.bayern.de\/digitalisierung\/bitv.html\" href=\"http:\/\/www.ldbv.bayern.de\/digitalisierung\/bitv.html\" data-auth=\"NotApplicable\" data-linkindex=\"4\">www.ldbv.bayern.de\/digitalisierung\/bitv.html<\/a><\/p><p>Ein Antrag auf Pr\u00fcfung kann online \u00fcber den Formularserver des Freistaats Bayern gestellt werden (Antrag gem\u00e4\u00df \u00a7 11 BayDiV).<\/p>\t\t\t\t\t\t\t\t<\/div>\n\t\t\t\t<div class=\"elementor-element elementor-element-c1ec811 elementor-widget elementor-widget-spacer\" data-id=\"c1ec811\" data-element_type=\"widget\" data-e-type=\"widget\" data-widget_type=\"spacer.default\">\n\t\t\t\t\t\t\t<div class=\"elementor-spacer\">\n\t\t\t<div class=\"elementor-spacer-inner\"><\/div>\n\t\t<\/div>\n\t\t\t\t\t\t<\/div>\n\t\t\t\t\t<\/div>\n\t\t\t\t<\/div>\n\t\t\t\t<\/div>\n\t\t","protected":false},"excerpt":{"rendered":"<p>Erkl\u00e4rung zur Barrierefreiheit Der Landesverband Bayern der Geh\u00f6rlosen e. V. ist bem\u00fcht, seine Internetseite\u00a0www.lvby.de\u00a0im Einklang mit der Bayerischen Digitalverordnung (BayDiV) sowie der Barrierefreien-Informationstechnik-Verordnung (BITV 2.0) barrierefrei zug\u00e4nglich zu gestalten. Diese Bem\u00fchungen sind Ausdruck unseres Selbstverst\u00e4ndnisses als zentrale Interessenvertretung geh\u00f6rloser, schwerh\u00f6riger und taubblinder Menschen im Freistaat Bayern. Wir verfolgen das Ziel, Barrieren in der digitalen Kommunikation [&hellip;]<\/p>\n","protected":false},"author":1,"featured_media":0,"parent":0,"menu_order":0,"comment_status":"closed","ping_status":"closed","template":"","meta":{"_monsterinsights_skip_tracking":false,"_monsterinsights_sitenote_active":false,"_monsterinsights_sitenote_note":"","_monsterinsights_sitenote_category":0,"footnotes":""},"class_list":["post-3341","page","type-page","status-publish","hentry"],"aioseo_notices":[],"_links":{"self":[{"href":"https:\/\/lvby.de\/index.php?rest_route=\/wp\/v2\/pages\/3341","targetHints":{"allow":["GET"]}}],"collection":[{"href":"https:\/\/lvby.de\/index.php?rest_route=\/wp\/v2\/pages"}],"about":[{"href":"https:\/\/lvby.de\/index.php?rest_route=\/wp\/v2\/types\/page"}],"author":[{"embeddable":true,"href":"https:\/\/lvby.de\/index.php?rest_route=\/wp\/v2\/users\/1"}],"replies":[{"embeddable":true,"href":"https:\/\/lvby.de\/index.php?rest_route=%2Fwp%2Fv2%2Fcomments&post=3341"}],"version-history":[{"count":10,"href":"https:\/\/lvby.de\/index.php?rest_route=\/wp\/v2\/pages\/3341\/revisions"}],"predecessor-version":[{"id":3599,"href":"https:\/\/lvby.de\/index.php?rest_route=\/wp\/v2\/pages\/3341\/revisions\/3599"}],"wp:attachment":[{"href":"https:\/\/lvby.de\/index.php?rest_route=%2Fwp%2Fv2%2Fmedia&parent=3341"}],"curies":[{"name":"wp","href":"https:\/\/api.w.org\/{rel}","templated":true}]}}