{"id":3323,"date":"2026-03-30T22:57:23","date_gmt":"2026-03-30T20:57:23","guid":{"rendered":"https:\/\/lvby.de\/?page_id=3323"},"modified":"2026-03-31T20:49:51","modified_gmt":"2026-03-31T18:49:51","slug":"impressum-3","status":"publish","type":"page","link":"https:\/\/lvby.de\/?page_id=3323","title":{"rendered":"Impressum"},"content":{"rendered":"\t\t<div data-elementor-type=\"wp-page\" data-elementor-id=\"3323\" class=\"elementor elementor-3323\" data-elementor-post-type=\"page\">\n\t\t\t\t<div class=\"elementor-element elementor-element-2c7ed37 e-flex e-con-boxed e-con e-parent\" data-id=\"2c7ed37\" data-element_type=\"container\" data-e-type=\"container\">\n\t\t\t\t\t<div class=\"e-con-inner\">\n\t\t\t\t<div class=\"elementor-element elementor-element-9bce95b elementor-widget elementor-widget-spacer\" data-id=\"9bce95b\" data-element_type=\"widget\" data-e-type=\"widget\" data-widget_type=\"spacer.default\">\n\t\t\t\t\t\t\t<div class=\"elementor-spacer\">\n\t\t\t<div class=\"elementor-spacer-inner\"><\/div>\n\t\t<\/div>\n\t\t\t\t\t\t<\/div>\n\t\t\t\t<div class=\"elementor-element elementor-element-e670923 elementor-widget elementor-widget-heading\" data-id=\"e670923\" data-element_type=\"widget\" data-e-type=\"widget\" data-widget_type=\"heading.default\">\n\t\t\t\t\t<h2 class=\"elementor-heading-title elementor-size-default\">Impressum<\/h2>\t\t\t\t<\/div>\n\t\t\t\t<div class=\"elementor-element elementor-element-fa0213d elementor-widget elementor-widget-spacer\" data-id=\"fa0213d\" data-element_type=\"widget\" data-e-type=\"widget\" data-widget_type=\"spacer.default\">\n\t\t\t\t\t\t\t<div class=\"elementor-spacer\">\n\t\t\t<div class=\"elementor-spacer-inner\"><\/div>\n\t\t<\/div>\n\t\t\t\t\t\t<\/div>\n\t\t\t\t<div class=\"elementor-element elementor-element-aa5c75d elementor-widget elementor-widget-text-editor\" data-id=\"aa5c75d\" data-element_type=\"widget\" data-e-type=\"widget\" data-widget_type=\"text-editor.default\">\n\t\t\t\t\t\t\t\t\t<p><strong><span class=\"kubio-has-inline-font-family-weight\">Angaben gem\u00e4\u00df \u00a7 5 TMG:<\/span><\/strong><\/p><p>Landesverband Bayern der Geh\u00f6rlosen e.\u202fV.<br \/>Schwanthalerstr. 76 Rgb. \/ 3. Stock<br \/>80336 M\u00fcnchen<\/p><p>E-Mail: <a href=\"mailto:info@lvby.de\">info@lvby.de<\/a><\/p><p>Registergericht: Amtsgericht M\u00fcnchen<br \/>Registernummer: VR 4859<\/p><p><span style=\"text-decoration: underline;\">Vertreten durch:<\/span><\/p><p>Marcus Willam, Landesvorsitzender<br \/>Alexander Hock, stellv. Landesvorsitzender<br \/>Josef Rothmeier, Schatzmeister<\/p><p><strong>Haftung f\u00fcr Inhalte<\/strong><\/p><p>Wir sind gem\u00e4\u00df \u00a7\u202f7 Abs.\u202f1 TMG f\u00fcr eigene Inhalte auf diesen Seiten verantwortlich.<br \/>Nach \u00a7\u00a7\u202f8\u201310 TMG sind wir jedoch nicht verpflichtet, \u00fcbermittelte oder gespeicherte fremde Informationen zu \u00fcberwachen oder nach Umst\u00e4nden zu forschen, die auf eine rechtswidrige T\u00e4tigkeit hinweisen. Verpflichtungen zur Entfernung oder Sperrung von Informationen nach den allgemeinen Gesetzen bleiben hiervon unber\u00fchrt.<\/p><p><strong>Haftung f\u00fcr Links<\/strong><\/p><p>Unsere Website enth\u00e4lt Links zu externen Websites Dritter. Auf deren Inhalte haben wir keinen Einfluss, daher k\u00f6nnen wir f\u00fcr diese fremden Inhalte keine Gew\u00e4hr \u00fcbernehmen. F\u00fcr Inhalte der verlinkten Seiten ist stets der jeweilige Anbieter oder Betreiber verantwortlich. Rechtswidrige Inhalte waren zum Zeitpunkt der Verlinkung nicht erkennbar. Bei Bekanntwerden von Rechtsverst\u00f6\u00dfen entfernen wir derartige Links umgehend.<\/p><p><strong>Urheberrecht<\/strong><\/p><p>Die auf dieser Website bereitgestellten Inhalte und Werke unterliegen dem deutschen Urheberrecht. Eine Vervielf\u00e4ltigung, Bearbeitung oder Verbreitung au\u00dferhalb der Grenzen des Urheberrechts bedarf der schriftlichen Zustimmung des jeweiligen Rechteinhabers. Downloads und Kopien dieser Seite sind nur f\u00fcr den privaten, nicht kommerziellen Gebrauch gestattet.<\/p>\t\t\t\t\t\t\t\t<\/div>\n\t\t\t\t<div class=\"elementor-element elementor-element-756ceed elementor-widget elementor-widget-spacer\" data-id=\"756ceed\" data-element_type=\"widget\" data-e-type=\"widget\" data-widget_type=\"spacer.default\">\n\t\t\t\t\t\t\t<div class=\"elementor-spacer\">\n\t\t\t<div class=\"elementor-spacer-inner\"><\/div>\n\t\t<\/div>\n\t\t\t\t\t\t<\/div>\n\t\t\t\t\t<\/div>\n\t\t\t\t<\/div>\n\t\t\t\t<\/div>\n\t\t","protected":false},"excerpt":{"rendered":"<p>Impressum Angaben gem\u00e4\u00df \u00a7 5 TMG: Landesverband Bayern der Geh\u00f6rlosen e.\u202fV.Schwanthalerstr. 76 Rgb. \/ 3. Stock80336 M\u00fcnchen E-Mail: info@lvby.de Registergericht: Amtsgericht M\u00fcnchenRegisternummer: VR 4859 Vertreten durch: Marcus Willam, LandesvorsitzenderAlexander Hock, stellv. LandesvorsitzenderJosef Rothmeier, Schatzmeister Haftung f\u00fcr Inhalte Wir sind gem\u00e4\u00df \u00a7\u202f7 Abs.\u202f1 TMG f\u00fcr eigene Inhalte auf diesen Seiten verantwortlich.Nach \u00a7\u00a7\u202f8\u201310 TMG sind wir jedoch [&hellip;]<\/p>\n","protected":false},"author":1,"featured_media":0,"parent":0,"menu_order":0,"comment_status":"closed","ping_status":"closed","template":"","meta":{"_monsterinsights_skip_tracking":false,"_monsterinsights_sitenote_active":false,"_monsterinsights_sitenote_note":"","_monsterinsights_sitenote_category":0,"footnotes":""},"class_list":["post-3323","page","type-page","status-publish","hentry"],"aioseo_notices":[],"_links":{"self":[{"href":"https:\/\/lvby.de\/index.php?rest_route=\/wp\/v2\/pages\/3323","targetHints":{"allow":["GET"]}}],"collection":[{"href":"https:\/\/lvby.de\/index.php?rest_route=\/wp\/v2\/pages"}],"about":[{"href":"https:\/\/lvby.de\/index.php?rest_route=\/wp\/v2\/types\/page"}],"author":[{"embeddable":true,"href":"https:\/\/lvby.de\/index.php?rest_route=\/wp\/v2\/users\/1"}],"replies":[{"embeddable":true,"href":"https:\/\/lvby.de\/index.php?rest_route=%2Fwp%2Fv2%2Fcomments&post=3323"}],"version-history":[{"count":7,"href":"https:\/\/lvby.de\/index.php?rest_route=\/wp\/v2\/pages\/3323\/revisions"}],"predecessor-version":[{"id":3406,"href":"https:\/\/lvby.de\/index.php?rest_route=\/wp\/v2\/pages\/3323\/revisions\/3406"}],"wp:attachment":[{"href":"https:\/\/lvby.de\/index.php?rest_route=%2Fwp%2Fv2%2Fmedia&parent=3323"}],"curies":[{"name":"wp","href":"https:\/\/api.w.org\/{rel}","templated":true}]}}