{"id":1835,"date":"2026-02-20T22:08:25","date_gmt":"2026-02-20T21:08:25","guid":{"rendered":"https:\/\/lvby.de\/?page_id=1835"},"modified":"2026-04-05T23:12:31","modified_gmt":"2026-04-05T21:12:31","slug":"ueber-uns","status":"publish","type":"page","link":"https:\/\/lvby.de\/?page_id=1835","title":{"rendered":"\u00dcber uns"},"content":{"rendered":"\t\t<div data-elementor-type=\"wp-page\" data-elementor-id=\"1835\" class=\"elementor elementor-1835\" data-elementor-post-type=\"page\">\n\t\t\t\t<div class=\"elementor-element elementor-element-67821343 e-flex e-con-boxed e-con e-parent\" data-id=\"67821343\" data-element_type=\"container\" data-e-type=\"container\" data-settings=\"{&quot;background_background&quot;:&quot;classic&quot;}\">\n\t\t\t\t\t<div class=\"e-con-inner\">\n\t\t<div class=\"elementor-element elementor-element-4df83133 e-con-full e-flex e-con e-child\" data-id=\"4df83133\" data-element_type=\"container\" data-e-type=\"container\" data-settings=\"{&quot;background_background&quot;:&quot;classic&quot;,&quot;animation&quot;:&quot;none&quot;}\">\n\t\t\t\t<div class=\"elementor-element elementor-element-782e940d elementor-widget elementor-widget-heading\" data-id=\"782e940d\" data-element_type=\"widget\" data-e-type=\"widget\" data-widget_type=\"heading.default\">\n\t\t\t\t\t<h1 class=\"elementor-heading-title elementor-size-default\">\u00dcber uns<\/h1>\t\t\t\t<\/div>\n\t\t\t\t<div class=\"elementor-element elementor-element-42afa473 elementor-widget elementor-widget-text-editor\" data-id=\"42afa473\" data-element_type=\"widget\" data-e-type=\"widget\" data-widget_type=\"text-editor.default\">\n\t\t\t\t\t\t\t\t\t<p>Der Landesverband Bayern der Geh\u00f6rlosen e. V. vertritt die politischen, wirtschaftlichen, sprachlichen und kulturellen Interessen der Geb\u00e4rdensprachgemeinschaft in Bayern. Dies umfasst Geh\u00f6rlose bzw. Taube und anderer Menschen mit H\u00f6rbehinderungen. Gegr\u00fcndet am 4. M\u00e4rz 1951, setzt sich der Verband f\u00fcr kontinuierliche Verbesserung der Lebenssituation von Geh\u00f6rlosen ein, indem er kommunikative Barrieren abbaut, die Geb\u00e4rdensprache f\u00f6rdert und Rechte wahrt, um eine gleichberechtigte Teilhabe in allen Lebensbereichen zu erm\u00f6glichen.<\/p>\t\t\t\t\t\t\t\t<\/div>\n\t\t\t\t<\/div>\n\t\t<div class=\"elementor-element elementor-element-38b312f6 e-con-full e-flex e-con e-child\" data-id=\"38b312f6\" data-element_type=\"container\" data-e-type=\"container\">\n\t\t\t\t<div class=\"elementor-element elementor-element-f8370e4 elementor-widget elementor-widget-video\" data-id=\"f8370e4\" data-element_type=\"widget\" data-e-type=\"widget\" data-settings=\"{&quot;youtube_url&quot;:&quot;https:\\\/\\\/youtu.be\\\/kIpj-RzxOGI&quot;,&quot;autoplay&quot;:&quot;yes&quot;,&quot;play_on_mobile&quot;:&quot;yes&quot;,&quot;mute&quot;:&quot;yes&quot;,&quot;loop&quot;:&quot;yes&quot;,&quot;video_type&quot;:&quot;youtube&quot;}\" data-widget_type=\"video.default\">\n\t\t\t\t\t\t\t<div class=\"elementor-wrapper elementor-open-inline\">\n\t\t\t<div class=\"elementor-video\"><\/div>\t\t<\/div>\n\t\t\t\t\t\t<\/div>\n\t\t\t\t<\/div>\n\t\t\t\t\t<\/div>\n\t\t\t\t<\/div>\n\t\t<div class=\"elementor-element elementor-element-b3133ba e-flex e-con-boxed e-con e-parent\" data-id=\"b3133ba\" data-element_type=\"container\" data-e-type=\"container\">\n\t\t\t\t\t<div class=\"e-con-inner\">\n\t\t\t\t<div class=\"elementor-element elementor-element-fe57527 elementor-widget elementor-widget-heading\" data-id=\"fe57527\" data-element_type=\"widget\" data-e-type=\"widget\" data-widget_type=\"heading.default\">\n\t\t\t\t\t<h2 class=\"elementor-heading-title elementor-size-default\">WISSENSWERTES<\/h2>\t\t\t\t<\/div>\n\t\t\t\t<div class=\"elementor-element elementor-element-b1e87cc elementor-widget elementor-widget-heading\" data-id=\"b1e87cc\" data-element_type=\"widget\" data-e-type=\"widget\" data-widget_type=\"heading.default\">\n\t\t\t\t\t<h2 class=\"elementor-heading-title elementor-size-default\">\u00fcber den Landesverband Bayern der Geh\u00f6rlosen e.V.<\/h2>\t\t\t\t<\/div>\n\t\t\t\t<div class=\"elementor-element elementor-element-6841db8 elementor-widget elementor-widget-spacer\" data-id=\"6841db8\" data-element_type=\"widget\" data-e-type=\"widget\" data-widget_type=\"spacer.default\">\n\t\t\t\t\t\t\t<div class=\"elementor-spacer\">\n\t\t\t<div class=\"elementor-spacer-inner\"><\/div>\n\t\t<\/div>\n\t\t\t\t\t\t<\/div>\n\t\t\t\t<div class=\"elementor-element elementor-element-bdb9db4 elementor-widget elementor-widget-text-editor\" data-id=\"bdb9db4\" data-element_type=\"widget\" data-e-type=\"widget\" data-widget_type=\"text-editor.default\">\n\t\t\t\t\t\t\t\t\t<p><b><span data-contrast=\"auto\">Wer wir sind: Die Stimme der Geb\u00e4rdensprachgemeinschaft<\/span><\/b><span data-ccp-props=\"{}\"><br \/><br \/><\/span><span data-contrast=\"auto\">Der Landesverband Bayern der Geh\u00f6rlosen e. V. (LVBYGL) ist die Selbstvertretungsorganisation f\u00fcr rund 10.000 geh\u00f6rlose bzw. taube Menschen sowie Menschen mit H\u00f6rbehinderungen im Freistaat\u00a0Bayern.<\/span><span data-ccp-props=\"{}\"><br \/><br \/><\/span><span data-contrast=\"auto\">Seit unserer Gr\u00fcndung am\u00a0<\/span><b><span data-contrast=\"auto\">4. M\u00e4rz 1951<\/span><\/b><span data-contrast=\"auto\">\u00a0hat sich unser Selbstverst\u00e4ndnis grundlegend gewandelt: Wir haben uns von einer rein karitativen F\u00fcrsorgeperspektive hin zu einem\u00a0<\/span><b><span data-contrast=\"auto\">emanzipatorischen, menschenrechtsbasierten Ansatz<\/span><\/b><span data-contrast=\"auto\">\u00a0entwickelt. F\u00fcr uns ist die Deutsche Geb\u00e4rdensprache (DGS) nicht nur ein Kommunikationsmittel, sondern unser wertvolles kulturelles Erbe und das prim\u00e4re Identit\u00e4tsmerkmal unserer Gemeinschaft.<\/span><span data-ccp-props=\"{}\"><br \/><br \/><\/span><b><span data-contrast=\"auto\">Unsere Mission: Politisch. Sprachlich. Kulturell.<\/span><\/b><span data-ccp-props=\"{}\"><br \/><br \/><\/span><span data-contrast=\"auto\">Wir vertreten die politischen, wirtschaftlichen, sprachlichen\u00a0und kulturellen Interessen unserer Mitglieder auf\u00a0Landesebene. Unser Ziel ist die\u00a0<\/span><b><span data-contrast=\"auto\">uneingeschr\u00e4nkte und gleichberechtigte Teilhabe<\/span><\/b><span data-contrast=\"auto\">\u00a0in allen Lebensbereichen. Wir k\u00e4mpfen f\u00fcr die kontinuierliche Verbesserung der Lebenssituation unserer Gemeinschaft, indem wir:<\/span><\/p><ul><li aria-setsize=\"-1\" data-leveltext=\"\uf0b7\" data-font=\"Symbol\" data-listid=\"1\" data-list-defn-props=\"{&quot;335552541&quot;:1,&quot;335559685&quot;:720,&quot;335559991&quot;:360,&quot;469769226&quot;:&quot;Symbol&quot;,&quot;469769242&quot;:[8226],&quot;469777803&quot;:&quot;left&quot;,&quot;469777804&quot;:&quot;\uf0b7&quot;,&quot;469777815&quot;:&quot;hybridMultilevel&quot;}\" data-aria-posinset=\"1\" data-aria-level=\"1\"><b><span data-contrast=\"auto\">Kommunikative Barrieren abbauen<\/span><\/b><span data-contrast=\"auto\">\u00a0und Barrierefreiheit konsequent einfordern.<\/span><span data-ccp-props=\"{}\">\u00a0<\/span><\/li><\/ul><ul><li aria-setsize=\"-1\" data-leveltext=\"\uf0b7\" data-font=\"Symbol\" data-listid=\"1\" data-list-defn-props=\"{&quot;335552541&quot;:1,&quot;335559685&quot;:720,&quot;335559991&quot;:360,&quot;469769226&quot;:&quot;Symbol&quot;,&quot;469769242&quot;:[8226],&quot;469777803&quot;:&quot;left&quot;,&quot;469777804&quot;:&quot;\uf0b7&quot;,&quot;469777815&quot;:&quot;hybridMultilevel&quot;}\" data-aria-posinset=\"2\" data-aria-level=\"1\"><span data-contrast=\"auto\">Die\u00a0<\/span><b><span data-contrast=\"auto\">Deutsche Geb\u00e4rdensprache (DGS)<\/span><\/b><span data-contrast=\"auto\">\u00a0f\u00f6rdern und als vollwertige Sprache st\u00e4rken.<\/span><span data-ccp-props=\"{}\">\u00a0<\/span><\/li><\/ul><ul><li aria-setsize=\"-1\" data-leveltext=\"\uf0b7\" data-font=\"Symbol\" data-listid=\"1\" data-list-defn-props=\"{&quot;335552541&quot;:1,&quot;335559685&quot;:720,&quot;335559991&quot;:360,&quot;469769226&quot;:&quot;Symbol&quot;,&quot;469769242&quot;:[8226],&quot;469777803&quot;:&quot;left&quot;,&quot;469777804&quot;:&quot;\uf0b7&quot;,&quot;469777815&quot;:&quot;hybridMultilevel&quot;}\" data-aria-posinset=\"3\" data-aria-level=\"1\"><b><span data-contrast=\"auto\">Rechte wahren<\/span><\/b><span data-contrast=\"auto\"> und politische Weichenstellungen (z. B. das bayerische Geh\u00f6rlosengeld) aktiv vorantreiben.<\/span><\/li><\/ul><p><b><span data-contrast=\"auto\"><br \/>Was wir bewegen: Unsere Schwerpunkte<\/span><\/b><span data-ccp-props=\"{}\">\u00a0<\/span><\/p><ul><li aria-setsize=\"-1\" data-leveltext=\"\uf0b7\" data-font=\"Symbol\" data-listid=\"2\" data-list-defn-props=\"{&quot;335552541&quot;:1,&quot;335559685&quot;:720,&quot;335559991&quot;:360,&quot;469769226&quot;:&quot;Symbol&quot;,&quot;469769242&quot;:[8226],&quot;469777803&quot;:&quot;left&quot;,&quot;469777804&quot;:&quot;\uf0b7&quot;,&quot;469777815&quot;:&quot;hybridMultilevel&quot;}\" data-aria-posinset=\"1\" data-aria-level=\"1\"><b><span data-contrast=\"auto\">Politische Interessenvertretung:<\/span><\/b><span data-contrast=\"auto\">\u00a0Aktiver Dialog mit dem Bayerischen Landtag, den Ministerien sowie Sozial- und Behindertenverb\u00e4nden.<\/span><span data-ccp-props=\"{}\">\u00a0<\/span><\/li><\/ul><ul><li aria-setsize=\"-1\" data-leveltext=\"\uf0b7\" data-font=\"Symbol\" data-listid=\"2\" data-list-defn-props=\"{&quot;335552541&quot;:1,&quot;335559685&quot;:720,&quot;335559991&quot;:360,&quot;469769226&quot;:&quot;Symbol&quot;,&quot;469769242&quot;:[8226],&quot;469777803&quot;:&quot;left&quot;,&quot;469777804&quot;:&quot;\uf0b7&quot;,&quot;469777815&quot;:&quot;hybridMultilevel&quot;}\" data-aria-posinset=\"2\" data-aria-level=\"1\"><b><span data-contrast=\"auto\">Empowerment:<\/span><\/b><span data-contrast=\"auto\">\u00a0F\u00f6rderung des Selbstbewusstseins und der Selbstst\u00e4ndigkeit durch gezielte Bildungsarbeit.<\/span><span data-ccp-props=\"{}\">\u00a0<\/span><\/li><\/ul><ul><li aria-setsize=\"-1\" data-leveltext=\"\uf0b7\" data-font=\"Symbol\" data-listid=\"2\" data-list-defn-props=\"{&quot;335552541&quot;:1,&quot;335559685&quot;:720,&quot;335559991&quot;:360,&quot;469769226&quot;:&quot;Symbol&quot;,&quot;469769242&quot;:[8226],&quot;469777803&quot;:&quot;left&quot;,&quot;469777804&quot;:&quot;\uf0b7&quot;,&quot;469777815&quot;:&quot;hybridMultilevel&quot;}\" data-aria-posinset=\"3\" data-aria-level=\"1\"><b><span data-contrast=\"auto\">Seniorenarbeit:<\/span><\/b><span data-contrast=\"auto\">\u00a0Organisation und Koordination von fachspezifischen Angeboten und Seniorentreffen auf Landesebene.<\/span><span data-ccp-props=\"{}\">\u00a0<\/span><\/li><\/ul><ul><li aria-setsize=\"-1\" data-leveltext=\"\uf0b7\" data-font=\"Symbol\" data-listid=\"2\" data-list-defn-props=\"{&quot;335552541&quot;:1,&quot;335559685&quot;:720,&quot;335559991&quot;:360,&quot;469769226&quot;:&quot;Symbol&quot;,&quot;469769242&quot;:[8226],&quot;469777803&quot;:&quot;left&quot;,&quot;469777804&quot;:&quot;\uf0b7&quot;,&quot;469777815&quot;:&quot;hybridMultilevel&quot;}\" data-aria-posinset=\"4\" data-aria-level=\"1\"><b><span data-contrast=\"auto\">Frauen &amp; Jugend:<\/span><\/b><span data-contrast=\"auto\">\u00a0Durchf\u00fchrung von Seminaren und Vernetzungsangeboten zur St\u00e4rkung spezifischer Zielgruppen.<\/span><span data-ccp-props=\"{}\">\u00a0<\/span><\/li><\/ul><ul><li aria-setsize=\"-1\" data-leveltext=\"\uf0b7\" data-font=\"Symbol\" data-listid=\"2\" data-list-defn-props=\"{&quot;335552541&quot;:1,&quot;335559685&quot;:720,&quot;335559991&quot;:360,&quot;469769226&quot;:&quot;Symbol&quot;,&quot;469769242&quot;:[8226],&quot;469777803&quot;:&quot;left&quot;,&quot;469777804&quot;:&quot;\uf0b7&quot;,&quot;469777815&quot;:&quot;hybridMultilevel&quot;}\" data-aria-posinset=\"5\" data-aria-level=\"1\"><b><span data-contrast=\"auto\">\u00d6ffentlichkeitsarbeit:<\/span><\/b><span data-contrast=\"auto\">\u00a0Aufkl\u00e4rung \u00fcber die Lebensrealit\u00e4t tauber Menschen und Einsatz f\u00fcr 100 % Untertitelung und Barrierefreiheit in den Medien.<\/span><span data-ccp-props=\"{}\">\u00a0<\/span><\/li><\/ul><ul><li aria-setsize=\"-1\" data-leveltext=\"\uf0b7\" data-font=\"Symbol\" data-listid=\"2\" data-list-defn-props=\"{&quot;335552541&quot;:1,&quot;335559685&quot;:720,&quot;335559991&quot;:360,&quot;469769226&quot;:&quot;Symbol&quot;,&quot;469769242&quot;:[8226],&quot;469777803&quot;:&quot;left&quot;,&quot;469777804&quot;:&quot;\uf0b7&quot;,&quot;469777815&quot;:&quot;hybridMultilevel&quot;}\" data-aria-posinset=\"6\" data-aria-level=\"1\"><b><span data-contrast=\"auto\">Vernetzung:<\/span><\/b><span data-contrast=\"auto\">\u00a0J\u00e4hrliche Arbeitstagungen, Informationstage und das Bayerische Landestreffen (alle vier Jahre) als Ort der Begegnung.<\/span><span data-ccp-props=\"{}\">\u00a0<\/span><\/li><\/ul><p><b><span data-contrast=\"auto\"><br \/>Eine gewaltige Herausforderung: Die Quote\u00a01 :\u00a050<\/span><\/b><span data-ccp-props=\"{}\">\u00a0<br \/><br \/><\/span><span data-contrast=\"auto\">Trotz unserer Erfolge bleibt viel zu tun. Ein Blick auf die Zahlen verdeutlicht die Barrieren im Alltag: In Bayern stehen\u00a0<\/span><b><span data-contrast=\"auto\">10.000 geh\u00f6rlose B\u00fcrger\/-innen<\/span><\/b><span data-contrast=\"auto\">\u00a0lediglich ca.<\/span><b><span data-contrast=\"auto\">\u00a0200 qualifizierte Geb\u00e4rdensprachdolmetscher\/-innen<\/span><\/b><span data-contrast=\"auto\">\u00a0gegen\u00fcber.<\/span><span data-ccp-props=\"{}\"><br \/><br \/><\/span><span data-contrast=\"auto\">Diese Quote von\u00a0<\/span><b><span data-contrast=\"auto\">1 :\u00a050<\/span><\/b><span data-contrast=\"auto\">\u00a0zeigt massiven Handlungsbedarf, um eine fl\u00e4chendeckende barrierefreie Kommunikation im Arbeitsleben, in der Bildung und in der medizinischen Versorgung sicherzustellen.<\/span><span data-ccp-props=\"{}\">\u00a0<br \/><br \/><\/span><b><span data-contrast=\"auto\">GEMEINSAM STARK \u2013 WERDET MITGLIED BEI UNS!<\/span><\/b><span data-ccp-props=\"{}\">\u00a0<br \/><br \/><\/span><span data-contrast=\"auto\">Unterst\u00fctzt die Selbstvertretung der Geh\u00f6rlosen in Bayern und werdet Teil einer lebendigen Gemeinschaft, die Zukunft gestaltet.<\/span><span data-ccp-props=\"{}\">\u00a0<\/span><\/p>\t\t\t\t\t\t\t\t<\/div>\n\t\t\t\t<div class=\"elementor-element elementor-element-e7043a1 elementor-widget elementor-widget-spacer\" data-id=\"e7043a1\" data-element_type=\"widget\" data-e-type=\"widget\" data-widget_type=\"spacer.default\">\n\t\t\t\t\t\t\t<div class=\"elementor-spacer\">\n\t\t\t<div class=\"elementor-spacer-inner\"><\/div>\n\t\t<\/div>\n\t\t\t\t\t\t<\/div>\n\t\t\t\t\t<\/div>\n\t\t\t\t<\/div>\n\t\t\t\t<\/div>\n\t\t","protected":false},"excerpt":{"rendered":"<p>\u00dcber uns Der Landesverband Bayern der Geh\u00f6rlosen e. V. vertritt die politischen, wirtschaftlichen, sprachlichen und kulturellen Interessen der Geb\u00e4rdensprachgemeinschaft in Bayern. Dies umfasst Geh\u00f6rlose bzw. Taube und anderer Menschen mit H\u00f6rbehinderungen. Gegr\u00fcndet am 4. M\u00e4rz 1951, setzt sich der Verband f\u00fcr kontinuierliche Verbesserung der Lebenssituation von Geh\u00f6rlosen ein, indem er kommunikative Barrieren abbaut, die Geb\u00e4rdensprache [&hellip;]<\/p>\n","protected":false},"author":1,"featured_media":0,"parent":0,"menu_order":0,"comment_status":"closed","ping_status":"closed","template":"","meta":{"_monsterinsights_skip_tracking":false,"_monsterinsights_sitenote_active":false,"_monsterinsights_sitenote_note":"","_monsterinsights_sitenote_category":0,"footnotes":""},"class_list":["post-1835","page","type-page","status-publish","hentry"],"aioseo_notices":[],"_links":{"self":[{"href":"https:\/\/lvby.de\/index.php?rest_route=\/wp\/v2\/pages\/1835","targetHints":{"allow":["GET"]}}],"collection":[{"href":"https:\/\/lvby.de\/index.php?rest_route=\/wp\/v2\/pages"}],"about":[{"href":"https:\/\/lvby.de\/index.php?rest_route=\/wp\/v2\/types\/page"}],"author":[{"embeddable":true,"href":"https:\/\/lvby.de\/index.php?rest_route=\/wp\/v2\/users\/1"}],"replies":[{"embeddable":true,"href":"https:\/\/lvby.de\/index.php?rest_route=%2Fwp%2Fv2%2Fcomments&post=1835"}],"version-history":[{"count":34,"href":"https:\/\/lvby.de\/index.php?rest_route=\/wp\/v2\/pages\/1835\/revisions"}],"predecessor-version":[{"id":3778,"href":"https:\/\/lvby.de\/index.php?rest_route=\/wp\/v2\/pages\/1835\/revisions\/3778"}],"wp:attachment":[{"href":"https:\/\/lvby.de\/index.php?rest_route=%2Fwp%2Fv2%2Fmedia&parent=1835"}],"curies":[{"name":"wp","href":"https:\/\/api.w.org\/{rel}","templated":true}]}}