{"id":1756,"date":"2026-02-05T08:47:09","date_gmt":"2026-02-05T07:47:09","guid":{"rendered":"https:\/\/lvby.de\/?page_id=1756"},"modified":"2026-03-30T22:08:58","modified_gmt":"2026-03-30T20:08:58","slug":"vereinsberatung","status":"publish","type":"page","link":"https:\/\/lvby.de\/?page_id=1756","title":{"rendered":"Vereinsberatung"},"content":{"rendered":"\t\t<div data-elementor-type=\"wp-page\" data-elementor-id=\"1756\" class=\"elementor elementor-1756\" data-elementor-post-type=\"page\">\n\t\t\t\t<div class=\"elementor-element elementor-element-f820807 e-flex e-con-boxed e-con e-parent\" data-id=\"f820807\" data-element_type=\"container\" data-e-type=\"container\">\n\t\t\t\t\t<div class=\"e-con-inner\">\n\t\t\t\t<div class=\"elementor-element elementor-element-a2194bd elementor-widget elementor-widget-spacer\" data-id=\"a2194bd\" data-element_type=\"widget\" data-e-type=\"widget\" data-widget_type=\"spacer.default\">\n\t\t\t\t\t\t\t<div class=\"elementor-spacer\">\n\t\t\t<div class=\"elementor-spacer-inner\"><\/div>\n\t\t<\/div>\n\t\t\t\t\t\t<\/div>\n\t\t\t\t\t<\/div>\n\t\t\t\t<\/div>\n\t\t<div class=\"elementor-element elementor-element-472998d e-flex e-con-boxed e-con e-parent\" data-id=\"472998d\" data-element_type=\"container\" data-e-type=\"container\">\n\t\t\t\t\t<div class=\"e-con-inner\">\n\t\t\t\t<div class=\"elementor-element elementor-element-af5638c elementor-widget elementor-widget-image\" data-id=\"af5638c\" data-element_type=\"widget\" data-e-type=\"widget\" data-widget_type=\"image.default\">\n\t\t\t\t\t\t\t\t\t\t\t\t\t\t\t<img fetchpriority=\"high\" decoding=\"async\" width=\"768\" height=\"127\" src=\"https:\/\/lvby.de\/wp-content\/uploads\/2026\/02\/vereinsberatung_horizontal_color.svg\" class=\"attachment-medium_large size-medium_large wp-image-1759\" alt=\"\" \/>\t\t\t\t\t\t\t\t\t\t\t\t\t\t\t<\/div>\n\t\t\t\t\t<\/div>\n\t\t\t\t<\/div>\n\t\t<div class=\"elementor-element elementor-element-a7629eb e-flex e-con-boxed e-con e-parent\" data-id=\"a7629eb\" data-element_type=\"container\" data-e-type=\"container\">\n\t\t\t\t\t<div class=\"e-con-inner\">\n\t\t\t\t<div class=\"elementor-element elementor-element-e356e1e elementor-widget elementor-widget-spacer\" data-id=\"e356e1e\" data-element_type=\"widget\" data-e-type=\"widget\" data-widget_type=\"spacer.default\">\n\t\t\t\t\t\t\t<div class=\"elementor-spacer\">\n\t\t\t<div class=\"elementor-spacer-inner\"><\/div>\n\t\t<\/div>\n\t\t\t\t\t\t<\/div>\n\t\t\t\t<div class=\"elementor-element elementor-element-a87ea2a elementor-widget elementor-widget-heading\" data-id=\"a87ea2a\" data-element_type=\"widget\" data-e-type=\"widget\" data-widget_type=\"heading.default\">\n\t\t\t\t\t<h2 class=\"elementor-heading-title elementor-size-default\">Vereinsberatung \u2013 Unterst\u00fctzung f\u00fcr Vereine in Bayern<\/h2>\t\t\t\t<\/div>\n\t\t\t\t<div class=\"elementor-element elementor-element-32288d7 elementor-widget elementor-widget-spacer\" data-id=\"32288d7\" data-element_type=\"widget\" data-e-type=\"widget\" data-widget_type=\"spacer.default\">\n\t\t\t\t\t\t\t<div class=\"elementor-spacer\">\n\t\t\t<div class=\"elementor-spacer-inner\"><\/div>\n\t\t<\/div>\n\t\t\t\t\t\t<\/div>\n\t\t\t\t\t<\/div>\n\t\t\t\t<\/div>\n\t\t<div class=\"elementor-element elementor-element-e9f7355 e-flex e-con-boxed e-con e-parent\" data-id=\"e9f7355\" data-element_type=\"container\" data-e-type=\"container\">\n\t\t\t\t\t<div class=\"e-con-inner\">\n\t\t\t\t<div class=\"elementor-element elementor-element-8fddbab elementor-widget elementor-widget-text-editor\" data-id=\"8fddbab\" data-element_type=\"widget\" data-e-type=\"widget\" data-widget_type=\"text-editor.default\">\n\t\t\t\t\t\t\t\t\t<p>Die <strong>Vereinsberatung<\/strong> ist ein Projekt des Landesverbands Bayern der Geh\u00f6rlosen e.V. und wird f\u00fcr zwei Jahre von der <strong>Deutschen Fernsehlotterie<\/strong> gef\u00f6rdert. Ziel des Projekts ist es, Vereine im Bereich H\u00f6rbehinderung in ganz Bayern zu st\u00e4rken und ihre Arbeit langfristig zu unterst\u00fctzen.<\/p><p>Wir beraten und begleiten Vereine, Vorst\u00e4nde und ehrenamtlich Engagierte bei Fragen rund um die Vereinsarbeit \u2013 zum Beispiel bei F\u00f6rderantr\u00e4gen, Projektideen, Organisation, Vereinsstrukturen oder Weiterentwicklung von Angeboten. Zus\u00e4tzlich bieten wir Schulungen und Vortr\u00e4ge an, damit Verantwortliche im Verein sicherer arbeiten und neue Impulse erhalten.<\/p><p>Unser Ziel ist es, Vereine zu entlasten, Wissen zu vermitteln und die Vereinsarbeit nachhaltig zu erleichtern, damit sie ihre wichtige Arbeit f\u00fcr die Gemeinschaft erfolgreich fortf\u00fchren k\u00f6nnen.<\/p>\t\t\t\t\t\t\t\t<\/div>\n\t\t\t\t<div class=\"elementor-element elementor-element-845834b elementor-widget elementor-widget-heading\" data-id=\"845834b\" data-element_type=\"widget\" data-e-type=\"widget\" data-widget_type=\"heading.default\">\n\t\t\t\t\t<h2 class=\"elementor-heading-title elementor-size-default\">Kontakt<\/h2>\t\t\t\t<\/div>\n\t\t<div class=\"elementor-element elementor-element-c1cd5b4 e-grid e-con-full e-con e-child\" data-id=\"c1cd5b4\" data-element_type=\"container\" data-e-type=\"container\">\n\t\t\t\t<div class=\"elementor-element elementor-element-fe6c787 elementor-widget elementor-widget-text-editor\" data-id=\"fe6c787\" data-element_type=\"widget\" data-e-type=\"widget\" data-widget_type=\"text-editor.default\">\n\t\t\t\t\t\t\t\t\t<p>Conny Tiedemann<br \/>E-Mail: <span style=\"color: #333399;\"><a href=\"mailto:conny.tiedemann@lvby.de\">conny.tiedemann@lvby.de<\/a><br \/><\/span>WhatsApp: +49 151 2448091<\/p>\t\t\t\t\t\t\t\t<\/div>\n\t\t\t\t<div class=\"elementor-element elementor-element-79d1121 elementor-widget elementor-widget-text-editor\" data-id=\"79d1121\" data-element_type=\"widget\" data-e-type=\"widget\" data-widget_type=\"text-editor.default\">\n\t\t\t\t\t\t\t\t\t<p>Melanie Schr\u00f6er<br \/>E-Mail: <span style=\"color: #333399;\"><a href=\"mailto:melanie.schroeer@lvby.de\">melanie.schroeer@lvby.de<\/a><br \/><\/span>WhatsApp: +49 151 23040330<\/p>\t\t\t\t\t\t\t\t<\/div>\n\t\t\t\t<\/div>\n\t\t\t\t\t<\/div>\n\t\t\t\t<\/div>\n\t\t<div class=\"elementor-element elementor-element-354e862 e-flex e-con-boxed e-con e-parent\" data-id=\"354e862\" data-element_type=\"container\" data-e-type=\"container\">\n\t\t\t\t\t<div class=\"e-con-inner\">\n\t\t\t\t<div class=\"elementor-element elementor-element-f6c236a elementor-widget elementor-widget-spacer\" data-id=\"f6c236a\" data-element_type=\"widget\" data-e-type=\"widget\" data-widget_type=\"spacer.default\">\n\t\t\t\t\t\t\t<div class=\"elementor-spacer\">\n\t\t\t<div class=\"elementor-spacer-inner\"><\/div>\n\t\t<\/div>\n\t\t\t\t\t\t<\/div>\n\t\t\t\t\t<\/div>\n\t\t\t\t<\/div>\n\t\t<div class=\"elementor-element elementor-element-722b436 e-flex e-con-boxed e-con e-parent\" data-id=\"722b436\" data-element_type=\"container\" data-e-type=\"container\">\n\t\t\t\t\t<div class=\"e-con-inner\">\n\t\t\t\t<div class=\"elementor-element elementor-element-185bae1 elementor-widget elementor-widget-text-editor\" data-id=\"185bae1\" data-element_type=\"widget\" data-e-type=\"widget\" data-widget_type=\"text-editor.default\">\n\t\t\t\t\t\t\t\t\t<p><strong>Gef\u00f6rdert durch:<\/strong><\/p><h5><img decoding=\"async\" class=\"alignnone wp-image-219 size-medium\" src=\"https:\/\/lvby.de\/wp-content\/uploads\/2025\/08\/dfl_logo_stiftung_eins_blanko_hg_blau_rgb_quer_1000x404-300x121.webp\" alt=\"\" width=\"300\" height=\"121\" srcset=\"https:\/\/lvby.de\/wp-content\/uploads\/2025\/08\/dfl_logo_stiftung_eins_blanko_hg_blau_rgb_quer_1000x404-300x121.webp 300w, https:\/\/lvby.de\/wp-content\/uploads\/2025\/08\/dfl_logo_stiftung_eins_blanko_hg_blau_rgb_quer_1000x404-768x310.webp 768w, https:\/\/lvby.de\/wp-content\/uploads\/2025\/08\/dfl_logo_stiftung_eins_blanko_hg_blau_rgb_quer_1000x404.webp 1000w\" sizes=\"(max-width: 300px) 100vw, 300px\" \/><\/h5>\t\t\t\t\t\t\t\t<\/div>\n\t\t\t\t\t<\/div>\n\t\t\t\t<\/div>\n\t\t<div class=\"elementor-element elementor-element-c9f6b31 e-flex e-con-boxed e-con e-parent\" data-id=\"c9f6b31\" data-element_type=\"container\" data-e-type=\"container\">\n\t\t\t\t\t<div class=\"e-con-inner\">\n\t\t\t\t<div class=\"elementor-element elementor-element-8c88cd4 elementor-widget elementor-widget-spacer\" data-id=\"8c88cd4\" data-element_type=\"widget\" data-e-type=\"widget\" data-widget_type=\"spacer.default\">\n\t\t\t\t\t\t\t<div class=\"elementor-spacer\">\n\t\t\t<div class=\"elementor-spacer-inner\"><\/div>\n\t\t<\/div>\n\t\t\t\t\t\t<\/div>\n\t\t\t\t\t<\/div>\n\t\t\t\t<\/div>\n\t\t\t\t<\/div>\n\t\t","protected":false},"excerpt":{"rendered":"<p>Vereinsberatung \u2013 Unterst\u00fctzung f\u00fcr Vereine in Bayern Die Vereinsberatung ist ein Projekt des Landesverbands Bayern der Geh\u00f6rlosen e.V. und wird f\u00fcr zwei Jahre von der Deutschen Fernsehlotterie gef\u00f6rdert. Ziel des Projekts ist es, Vereine im Bereich H\u00f6rbehinderung in ganz Bayern zu st\u00e4rken und ihre Arbeit langfristig zu unterst\u00fctzen. Wir beraten und begleiten Vereine, Vorst\u00e4nde und [&hellip;]<\/p>\n","protected":false},"author":2,"featured_media":0,"parent":0,"menu_order":0,"comment_status":"closed","ping_status":"closed","template":"","meta":{"_monsterinsights_skip_tracking":false,"_monsterinsights_sitenote_active":false,"_monsterinsights_sitenote_note":"","_monsterinsights_sitenote_category":0,"footnotes":""},"class_list":["post-1756","page","type-page","status-publish","hentry"],"aioseo_notices":[],"_links":{"self":[{"href":"https:\/\/lvby.de\/index.php?rest_route=\/wp\/v2\/pages\/1756","targetHints":{"allow":["GET"]}}],"collection":[{"href":"https:\/\/lvby.de\/index.php?rest_route=\/wp\/v2\/pages"}],"about":[{"href":"https:\/\/lvby.de\/index.php?rest_route=\/wp\/v2\/types\/page"}],"author":[{"embeddable":true,"href":"https:\/\/lvby.de\/index.php?rest_route=\/wp\/v2\/users\/2"}],"replies":[{"embeddable":true,"href":"https:\/\/lvby.de\/index.php?rest_route=%2Fwp%2Fv2%2Fcomments&post=1756"}],"version-history":[{"count":44,"href":"https:\/\/lvby.de\/index.php?rest_route=\/wp\/v2\/pages\/1756\/revisions"}],"predecessor-version":[{"id":3298,"href":"https:\/\/lvby.de\/index.php?rest_route=\/wp\/v2\/pages\/1756\/revisions\/3298"}],"wp:attachment":[{"href":"https:\/\/lvby.de\/index.php?rest_route=%2Fwp%2Fv2%2Fmedia&parent=1756"}],"curies":[{"name":"wp","href":"https:\/\/api.w.org\/{rel}","templated":true}]}}