{"id":1749,"date":"2026-02-05T08:16:56","date_gmt":"2026-02-05T07:16:56","guid":{"rendered":"https:\/\/lvby.de\/?page_id=1749"},"modified":"2026-04-06T00:01:24","modified_gmt":"2026-04-05T22:01:24","slug":"buchprojekt","status":"publish","type":"page","link":"https:\/\/lvby.de\/?page_id=1749","title":{"rendered":"Buchprojekt"},"content":{"rendered":"\t\t<div data-elementor-type=\"wp-page\" data-elementor-id=\"1749\" class=\"elementor elementor-1749\" data-elementor-post-type=\"page\">\n\t\t\t\t<div class=\"elementor-element elementor-element-0f84b02 e-flex e-con-boxed e-con e-parent\" data-id=\"0f84b02\" data-element_type=\"container\" data-e-type=\"container\">\n\t\t\t\t\t<div class=\"e-con-inner\">\n\t\t\t\t<div class=\"elementor-element elementor-element-8c3d6fc elementor-widget elementor-widget-spacer\" data-id=\"8c3d6fc\" data-element_type=\"widget\" data-e-type=\"widget\" data-widget_type=\"spacer.default\">\n\t\t\t\t\t\t\t<div class=\"elementor-spacer\">\n\t\t\t<div class=\"elementor-spacer-inner\"><\/div>\n\t\t<\/div>\n\t\t\t\t\t\t<\/div>\n\t\t\t\t\t<\/div>\n\t\t\t\t<\/div>\n\t\t<div class=\"elementor-element elementor-element-0f3d43d e-flex e-con-boxed e-con e-parent\" data-id=\"0f3d43d\" data-element_type=\"container\" data-e-type=\"container\">\n\t\t\t\t\t<div class=\"e-con-inner\">\n\t\t\t\t<div class=\"elementor-element elementor-element-5f0458a elementor-widget elementor-widget-image\" data-id=\"5f0458a\" data-element_type=\"widget\" data-e-type=\"widget\" data-widget_type=\"image.default\">\n\t\t\t\t\t\t\t\t\t\t\t\t\t\t\t<img fetchpriority=\"high\" decoding=\"async\" width=\"768\" height=\"272\" src=\"https:\/\/lvby.de\/wp-content\/uploads\/2026\/03\/Buchprojekt-768x272.png\" class=\"attachment-medium_large size-medium_large wp-image-3300\" alt=\"\" srcset=\"https:\/\/lvby.de\/wp-content\/uploads\/2026\/03\/Buchprojekt-768x272.png 768w, https:\/\/lvby.de\/wp-content\/uploads\/2026\/03\/Buchprojekt-300x106.png 300w, https:\/\/lvby.de\/wp-content\/uploads\/2026\/03\/Buchprojekt-1024x362.png 1024w, https:\/\/lvby.de\/wp-content\/uploads\/2026\/03\/Buchprojekt-1536x543.png 1536w, https:\/\/lvby.de\/wp-content\/uploads\/2026\/03\/Buchprojekt-2048x725.png 2048w\" sizes=\"(max-width: 768px) 100vw, 768px\" \/>\t\t\t\t\t\t\t\t\t\t\t\t\t\t\t<\/div>\n\t\t\t\t<div class=\"elementor-element elementor-element-7448a96 elementor-widget elementor-widget-spacer\" data-id=\"7448a96\" data-element_type=\"widget\" data-e-type=\"widget\" data-widget_type=\"spacer.default\">\n\t\t\t\t\t\t\t<div class=\"elementor-spacer\">\n\t\t\t<div class=\"elementor-spacer-inner\"><\/div>\n\t\t<\/div>\n\t\t\t\t\t\t<\/div>\n\t\t\t\t<div class=\"elementor-element elementor-element-2db32ce elementor-widget elementor-widget-heading\" data-id=\"2db32ce\" data-element_type=\"widget\" data-e-type=\"widget\" data-widget_type=\"heading.default\">\n\t\t\t\t\t<h2 class=\"elementor-heading-title elementor-size-default\">Unser Aktion-Mensch-Projekt: Die Bayerische Geh\u00f6rlosengeschichte (2018\u20132021)<\/h2>\t\t\t\t<\/div>\n\t\t\t\t<div class=\"elementor-element elementor-element-4623548 elementor-widget elementor-widget-spacer\" data-id=\"4623548\" data-element_type=\"widget\" data-e-type=\"widget\" data-widget_type=\"spacer.default\">\n\t\t\t\t\t\t\t<div class=\"elementor-spacer\">\n\t\t\t<div class=\"elementor-spacer-inner\"><\/div>\n\t\t<\/div>\n\t\t\t\t\t\t<\/div>\n\t\t\t\t<div class=\"elementor-element elementor-element-6501dac elementor-widget elementor-widget-text-editor\" data-id=\"6501dac\" data-element_type=\"widget\" data-e-type=\"widget\" data-widget_type=\"text-editor.default\">\n\t\t\t\t\t\t\t\t\t<p class=\"elementToProof\">In einem engagierten Team \u2013 bestehend aus Franziska Fehringer, Gertrud Mally, Karin M\u00e4tth\u00e4us (Loidl) und mir \u2013 haben wir drei Jahre lang intensiv an der Aufarbeitung der bayerischen Geh\u00f6rlosengeschichte gearbeitet. Das Ergebnis ist ein umfassendes Werk, das in dieser Form wegweisend f\u00fcr Bayern und ganz Deutschland ist.<\/p><p class=\"elementToProof\"><b>Ein Einblick in die Themen des Buches:<\/b><\/p><ul data-path-to-node=\"7\"><li><p class=\"elementToProof\" role=\"presentation\"><b>Die Anf\u00e4nge:<\/b>\u00a0Von der Vorgeschichte \u00fcber den ersten Unterricht in M\u00fcnchen bis zur Gr\u00fcndung des ersten bayerischen \u201eTaubstummeninstituts\u201c in Freising (1804).<\/p><\/li><li><p class=\"elementToProof\" role=\"presentation\"><b>Gemeinschaft &amp; Kultur:<\/b>\u00a0Die bayerische Vereinsbewegung, die Entwicklung der Geb\u00e4rdensprache, Theater, Kunst und Handwerk.<\/p><\/li><li><p class=\"elementToProof\" role=\"presentation\"><b>Alltag &amp; Technik:<\/b>\u00a0Technische Hilfsmittel im Wandel der Zeit sowie die Bedeutung von Heimen und Treffpunkten.<\/p><\/li><li><p class=\"elementToProof\" role=\"presentation\"><b>Projekterz\u00e4hlung:<\/b>\u00a0Ein Blick hinter die Kulissen unserer Arbeit.<\/p><\/li><\/ul><p class=\"elementToProof\"><b>Das Buch ist nach wie vor im Handel erh\u00e4ltlich!<\/b>\u00a0Tauchen Sie ein in eine bisher kaum dokumentierte Welt und entdecken Sie ein St\u00fcck bayerischer Zeitgeschichte.<\/p>\t\t\t\t\t\t\t\t<\/div>\n\t\t\t\t<div class=\"elementor-element elementor-element-9371e5d elementor-align-center elementor-widget elementor-widget-button\" data-id=\"9371e5d\" data-element_type=\"widget\" data-e-type=\"widget\" data-widget_type=\"button.default\">\n\t\t\t\t\t\t\t\t\t\t<a class=\"elementor-button elementor-button-link elementor-size-sm\" href=\"https:\/\/gehoerlosengeschichte.lvby.de\/welcome\">\n\t\t\t\t\t\t<span class=\"elementor-button-content-wrapper\">\n\t\t\t\t\t\t<span class=\"elementor-button-icon\">\n\t\t\t\t<svg aria-hidden=\"true\" class=\"e-font-icon-svg e-far-window-maximize\" viewBox=\"0 0 512 512\" xmlns=\"http:\/\/www.w3.org\/2000\/svg\"><path d=\"M464 32H48C21.5 32 0 53.5 0 80v352c0 26.5 21.5 48 48 48h416c26.5 0 48-21.5 48-48V80c0-26.5-21.5-48-48-48zm0 394c0 3.3-2.7 6-6 6H54c-3.3 0-6-2.7-6-6V192h416v234z\"><\/path><\/svg>\t\t\t<\/span>\n\t\t\t\t\t\t\t\t\t<span class=\"elementor-button-text\">Homepage<\/span>\n\t\t\t\t\t<\/span>\n\t\t\t\t\t<\/a>\n\t\t\t\t\t\t\t\t<\/div>\n\t\t\t\t\t<\/div>\n\t\t\t\t<\/div>\n\t\t<div class=\"elementor-element elementor-element-75786dc e-flex e-con-boxed e-con e-parent\" data-id=\"75786dc\" data-element_type=\"container\" data-e-type=\"container\">\n\t\t\t\t\t<div class=\"e-con-inner\">\n\t\t\t\t<div class=\"elementor-element elementor-element-b6a9e45 elementor-widget elementor-widget-spacer\" data-id=\"b6a9e45\" data-element_type=\"widget\" data-e-type=\"widget\" data-widget_type=\"spacer.default\">\n\t\t\t\t\t\t\t<div class=\"elementor-spacer\">\n\t\t\t<div class=\"elementor-spacer-inner\"><\/div>\n\t\t<\/div>\n\t\t\t\t\t\t<\/div>\n\t\t\t\t\t<\/div>\n\t\t\t\t<\/div>\n\t\t<div class=\"elementor-element elementor-element-3b45186 e-flex e-con-boxed e-con e-parent\" data-id=\"3b45186\" data-element_type=\"container\" data-e-type=\"container\">\n\t\t\t\t\t<div class=\"e-con-inner\">\n\t\t<div class=\"elementor-element elementor-element-f5d60ec e-con-full e-flex e-con e-child\" data-id=\"f5d60ec\" data-element_type=\"container\" data-e-type=\"container\">\n\t\t\t\t<div class=\"elementor-element elementor-element-68f83b0 elementor-widget elementor-widget-text-editor\" data-id=\"68f83b0\" data-element_type=\"widget\" data-e-type=\"widget\" data-widget_type=\"text-editor.default\">\n\t\t\t\t\t\t\t\t\t<p><strong>Gef\u00f6rdert durch:<\/strong><\/p><p><img decoding=\"async\" class=\"alignnone size-medium wp-image-3523\" src=\"https:\/\/lvby.de\/wp-content\/uploads\/2026\/04\/AM_Foerder_Logo_RGB-300x176.png\" alt=\"\" width=\"300\" height=\"176\" srcset=\"https:\/\/lvby.de\/wp-content\/uploads\/2026\/04\/AM_Foerder_Logo_RGB-300x176.png 300w, https:\/\/lvby.de\/wp-content\/uploads\/2026\/04\/AM_Foerder_Logo_RGB-1024x601.png 1024w, https:\/\/lvby.de\/wp-content\/uploads\/2026\/04\/AM_Foerder_Logo_RGB-768x451.png 768w, https:\/\/lvby.de\/wp-content\/uploads\/2026\/04\/AM_Foerder_Logo_RGB.webp 1182w\" sizes=\"(max-width: 300px) 100vw, 300px\" \/><\/p>\t\t\t\t\t\t\t\t<\/div>\n\t\t\t\t<\/div>\n\t\t\t\t\t<\/div>\n\t\t\t\t<\/div>\n\t\t<div class=\"elementor-element elementor-element-b50e5a2 e-flex e-con-boxed e-con e-parent\" data-id=\"b50e5a2\" data-element_type=\"container\" data-e-type=\"container\">\n\t\t\t\t\t<div class=\"e-con-inner\">\n\t\t\t\t<div class=\"elementor-element elementor-element-51a6f75 elementor-widget elementor-widget-spacer\" data-id=\"51a6f75\" data-element_type=\"widget\" data-e-type=\"widget\" data-widget_type=\"spacer.default\">\n\t\t\t\t\t\t\t<div class=\"elementor-spacer\">\n\t\t\t<div class=\"elementor-spacer-inner\"><\/div>\n\t\t<\/div>\n\t\t\t\t\t\t<\/div>\n\t\t\t\t\t<\/div>\n\t\t\t\t<\/div>\n\t\t\t\t<\/div>\n\t\t","protected":false},"excerpt":{"rendered":"<p>Unser Aktion-Mensch-Projekt: Die Bayerische Geh\u00f6rlosengeschichte (2018\u20132021) In einem engagierten Team \u2013 bestehend aus Franziska Fehringer, Gertrud Mally, Karin M\u00e4tth\u00e4us (Loidl) und mir \u2013 haben wir drei Jahre lang intensiv an der Aufarbeitung der bayerischen Geh\u00f6rlosengeschichte gearbeitet. Das Ergebnis ist ein umfassendes Werk, das in dieser Form wegweisend f\u00fcr Bayern und ganz Deutschland ist. Ein Einblick [&hellip;]<\/p>\n","protected":false},"author":2,"featured_media":0,"parent":0,"menu_order":0,"comment_status":"closed","ping_status":"closed","template":"","meta":{"_monsterinsights_skip_tracking":false,"_monsterinsights_sitenote_active":false,"_monsterinsights_sitenote_note":"","_monsterinsights_sitenote_category":0,"footnotes":""},"class_list":["post-1749","page","type-page","status-publish","hentry"],"aioseo_notices":[],"_links":{"self":[{"href":"https:\/\/lvby.de\/index.php?rest_route=\/wp\/v2\/pages\/1749","targetHints":{"allow":["GET"]}}],"collection":[{"href":"https:\/\/lvby.de\/index.php?rest_route=\/wp\/v2\/pages"}],"about":[{"href":"https:\/\/lvby.de\/index.php?rest_route=\/wp\/v2\/types\/page"}],"author":[{"embeddable":true,"href":"https:\/\/lvby.de\/index.php?rest_route=\/wp\/v2\/users\/2"}],"replies":[{"embeddable":true,"href":"https:\/\/lvby.de\/index.php?rest_route=%2Fwp%2Fv2%2Fcomments&post=1749"}],"version-history":[{"count":38,"href":"https:\/\/lvby.de\/index.php?rest_route=\/wp\/v2\/pages\/1749\/revisions"}],"predecessor-version":[{"id":3804,"href":"https:\/\/lvby.de\/index.php?rest_route=\/wp\/v2\/pages\/1749\/revisions\/3804"}],"wp:attachment":[{"href":"https:\/\/lvby.de\/index.php?rest_route=%2Fwp%2Fv2%2Fmedia&parent=1749"}],"curies":[{"name":"wp","href":"https:\/\/api.w.org\/{rel}","templated":true}]}}